{"id":296,"date":"2024-01-01T14:48:36","date_gmt":"2024-01-01T14:48:36","guid":{"rendered":"https:\/\/oberheckenhofen.de\/?page_id=296"},"modified":"2024-01-04T07:46:47","modified_gmt":"2024-01-04T07:46:47","slug":"allgemein","status":"publish","type":"page","link":"https:\/\/www.oberheckenhofen.de\/?page_id=296","title":{"rendered":"Allgemein"},"content":{"rendered":"\n<br><p><strong>Oberheckenhofen<\/strong>&nbsp;hat zur Zeit 46 Einwohner und geh\u00f6rt bereits seit 1811 zur Gemeinde Georgensgm\u00fcnd im Herzen des &#8222;Fr\u00e4nkischen Seenlandes&#8220;. Es liegt nord\u00f6stlich von Georgensgm\u00fcnd, direkt an der Eisenbahnlinie N\u00fcrnberg-M\u00fcnchen. Unterhalb des Ortes flie\u00dft die Rednitz vorbei, die in Georgensgm\u00fcnd durch den Zusammenfluss von fr\u00e4nkischer und schw\u00e4bischer Rezat entsteht. Daneben f\u00fchrt die Kreisstra\u00dfe RH 6 von Georgensgm\u00fcnd kommend direkt in die Kreisstadt Roth. Entlang dieser Stra\u00dfe verl\u00e4uft ein sch\u00f6ner Rad- und Fu\u00dfweg. Dieser tr\u00e4gt von&nbsp;<strong>Oberheckenhofen<\/strong>&nbsp;bis Georgensgm\u00fcnd den Namen &#8222;Skulpturenweg&#8220;, da hier 15 Skulpturen verschiedener K\u00fcnstler ihren Standort fanden. Seine Fortsetzung findet der Skulpturenweg im &#8222;Planetenweg&#8220;, an dem weiter bis nach Spalt unser Sonnensystem im Verh\u00e4ltnis eins zu einer Milliarde dargestellt wird.<\/p>\n\n\n<div class=\"wp-block-image\">\n<figure class=\"aligncenter size-full\"><img loading=\"lazy\" decoding=\"async\" width=\"360\" height=\"360\" src=\"https:\/\/www.oberheckenhofen.de\/wp-content\/uploads\/2024\/01\/skulptur.jpg\" alt=\"\" class=\"wp-image-271\" srcset=\"https:\/\/www.oberheckenhofen.de\/wp-content\/uploads\/2024\/01\/skulptur.jpg 360w, https:\/\/www.oberheckenhofen.de\/wp-content\/uploads\/2024\/01\/skulptur-300x300.jpg 300w, https:\/\/www.oberheckenhofen.de\/wp-content\/uploads\/2024\/01\/skulptur-150x150.jpg 150w\" sizes=\"auto, (max-width: 360px) 100vw, 360px\" \/><\/figure>\n<\/div>\n\n\n<p class=\"has-text-align-center\">Skulptur &#8222;erhobene Schwere &#8211; geb\u00fcndelte Kr\u00e4fte&#8220;<\/p>\n\n\n\n<p><strong>Oberheckenhofen<\/strong>&nbsp;ist \u00fcberwiegend evangelisch und geh\u00f6rt kirchlich nach Roth. Hier k\u00f6nnen die Gl\u00e4ubigen in das ca. 1 km entfernte Bernlohe ins 1956 erbaute Bergkirchlein zum Gottesdienst gehen.<\/p>\n<br>","protected":false},"excerpt":{"rendered":"<p>Oberheckenhofen&nbsp;hat zur Zeit 46 Einwohner und geh\u00f6rt bereits seit 1811 zur Gemeinde Georgensgm\u00fcnd im Herzen des &#8222;Fr\u00e4nkischen Seenlandes&#8220;. Es liegt nord\u00f6stlich von Georgensgm\u00fcnd, direkt an der Eisenbahnlinie N\u00fcrnberg-M\u00fcnchen. Unterhalb des Ortes flie\u00dft die Rednitz vorbei, die in Georgensgm\u00fcnd durch den Zusammenfluss von fr\u00e4nkischer und schw\u00e4bischer Rezat entsteht. Daneben f\u00fchrt die Kreisstra\u00dfe RH 6 von Georgensgm\u00fcnd &#8230; <a title=\"Allgemein\" class=\"read-more\" href=\"https:\/\/www.oberheckenhofen.de\/?page_id=296\" aria-label=\"Mehr Informationen \u00fcber Allgemein\">Weiterlesen<\/a><\/p>\n","protected":false},"author":1,"featured_media":0,"parent":0,"menu_order":0,"comment_status":"closed","ping_status":"closed","template":"","meta":{"footnotes":""},"class_list":["post-296","page","type-page","status-publish"],"_links":{"self":[{"href":"https:\/\/www.oberheckenhofen.de\/index.php?rest_route=\/wp\/v2\/pages\/296","targetHints":{"allow":["GET"]}}],"collection":[{"href":"https:\/\/www.oberheckenhofen.de\/index.php?rest_route=\/wp\/v2\/pages"}],"about":[{"href":"https:\/\/www.oberheckenhofen.de\/index.php?rest_route=\/wp\/v2\/types\/page"}],"author":[{"embeddable":true,"href":"https:\/\/www.oberheckenhofen.de\/index.php?rest_route=\/wp\/v2\/users\/1"}],"replies":[{"embeddable":true,"href":"https:\/\/www.oberheckenhofen.de\/index.php?rest_route=%2Fwp%2Fv2%2Fcomments&post=296"}],"version-history":[{"count":2,"href":"https:\/\/www.oberheckenhofen.de\/index.php?rest_route=\/wp\/v2\/pages\/296\/revisions"}],"predecessor-version":[{"id":300,"href":"https:\/\/www.oberheckenhofen.de\/index.php?rest_route=\/wp\/v2\/pages\/296\/revisions\/300"}],"wp:attachment":[{"href":"https:\/\/www.oberheckenhofen.de\/index.php?rest_route=%2Fwp%2Fv2%2Fmedia&parent=296"}],"curies":[{"name":"wp","href":"https:\/\/api.w.org\/{rel}","templated":true}]}}